{"id":780,"date":"2018-08-30T13:23:27","date_gmt":"2018-08-30T16:23:27","guid":{"rendered":"https:\/\/ifdjcossio-crr.infd.edu.ar\/sitio\/ubicacion\/"},"modified":"2018-09-04T21:38:53","modified_gmt":"2018-09-05T00:38:53","slug":"ubicacion","status":"publish","type":"page","link":"https:\/\/ifdjcossio-crr.infd.edu.ar\/sitio\/ubicacion\/","title":{"rendered":"Ubicaci\u00f3n"},"content":{"rendered":"<h3>Direcci\u00f3n:<\/h3>\n<ul>\n<li>San Mart\u00edn 1145 &#8211; San Roque (Corrientes).-<\/li>\n<li>C\u00f3digo Postal 3448.-<\/li>\n<\/ul>\n<p><strong>Para ubicarnos en Google Maps, siga el link:<\/strong><\/p>\n<ul>\n<li><a href=\"https:\/\/goo.gl\/maps\/uVFk7QBXY3u\">https:\/\/goo.gl\/maps\/uVFk7QBXY3u<\/a><\/li>\n<\/ul>\n<p><strong>Coordenadas para GPS:<\/strong><\/p>\n<ul>\n<li>-28.5741627, -58.7067318,17<\/li>\n<\/ul>\n<p><strong>Mapa:<\/strong><\/p>\n<figure id=\"attachment_800\" aria-describedby=\"caption-attachment-800\" style=\"width: 830px\" class=\"wp-caption alignnone\"><img decoding=\"async\" loading=\"lazy\" class=\"size-full wp-image-800\" src=\"https:\/\/ifdjcossio-crr.infd.edu.ar\/sitio\/wp-content\/uploads\/2018\/09\/Ubicaci\u00f3n-Cossio.png\" alt=\"\" width=\"840\" height=\"450\" srcset=\"https:\/\/ifdjcossio-crr.infd.edu.ar\/sitio\/wp-content\/uploads\/2018\/09\/Ubicaci\u00f3n-Cossio.png 840w, https:\/\/ifdjcossio-crr.infd.edu.ar\/sitio\/wp-content\/uploads\/2018\/09\/Ubicaci\u00f3n-Cossio-768x411.png 768w\" sizes=\"(max-width: 840px) 100vw, 840px\" \/><figcaption id=\"caption-attachment-800\" class=\"wp-caption-text\">San Mart\u00edn 1145<br \/>San Roque (Ctes.)<br \/>C.P. 3448<\/figcaption><\/figure>\n","protected":false},"excerpt":{"rendered":"<p>Direcci\u00f3n: San Mart\u00edn 1145 &#8211; San Roque (Corrientes).- C\u00f3digo Postal 3448.- Para ubicarnos en Google Maps, siga el link: https:\/\/goo.gl\/maps\/uVFk7QBXY3u Coordenadas para GPS: -28.5741627, -58.7067318,17 Mapa:<\/p>\n","protected":false},"author":151,"featured_media":0,"parent":0,"menu_order":0,"comment_status":"closed","ping_status":"closed","template":"","meta":[],"acf":[],"_links":{"self":[{"href":"https:\/\/ifdjcossio-crr.infd.edu.ar\/sitio\/wp-json\/wp\/v2\/pages\/780"}],"collection":[{"href":"https:\/\/ifdjcossio-crr.infd.edu.ar\/sitio\/wp-json\/wp\/v2\/pages"}],"about":[{"href":"https:\/\/ifdjcossio-crr.infd.edu.ar\/sitio\/wp-json\/wp\/v2\/types\/page"}],"author":[{"embeddable":true,"href":"https:\/\/ifdjcossio-crr.infd.edu.ar\/sitio\/wp-json\/wp\/v2\/users\/151"}],"replies":[{"embeddable":true,"href":"https:\/\/ifdjcossio-crr.infd.edu.ar\/sitio\/wp-json\/wp\/v2\/comments?post=780"}],"version-history":[{"count":3,"href":"https:\/\/ifdjcossio-crr.infd.edu.ar\/sitio\/wp-json\/wp\/v2\/pages\/780\/revisions"}],"predecessor-version":[{"id":1061,"href":"https:\/\/ifdjcossio-crr.infd.edu.ar\/sitio\/wp-json\/wp\/v2\/pages\/780\/revisions\/1061"}],"wp:attachment":[{"href":"https:\/\/ifdjcossio-crr.infd.edu.ar\/sitio\/wp-json\/wp\/v2\/media?parent=780"}],"curies":[{"name":"wp","href":"https:\/\/api.w.org\/{rel}","templated":true}]}}