{"id":775,"date":"2018-08-30T13:23:25","date_gmt":"2018-08-30T16:23:25","guid":{"rendered":"https:\/\/ifdjcossio-crr.infd.edu.ar\/sitio\/autoridades\/"},"modified":"2025-11-04T20:24:33","modified_gmt":"2025-11-04T23:24:33","slug":"autoridades","status":"publish","type":"page","link":"https:\/\/ifdjcossio-crr.infd.edu.ar\/sitio\/autoridades\/","title":{"rendered":"Autoridades"},"content":{"rendered":"<p><strong>Rectora:<\/strong><\/p>\n<ul>\n<li>Lic. Lilian Elizabeth Insaurralde &#8211; lilianins@gmail.com<\/li>\n<\/ul>\n<p><strong>Secretaria Acad\u00e9mica:<\/strong><\/p>\n<ul>\n<li>Prof. Karen Luciana Pozzer &#8211; karen.pozzer@hotmail.com<\/li>\n<\/ul>\n<p><strong>Secretaria Administrativa:<\/strong><\/p>\n<ul>\n<li>Prof. Carolina Isabel Torreblanca &#8211; carolina_torreblanca@hotmail.com<\/li>\n<\/ul>\n<p><strong>Coordinadores de \u00c1reas:<\/strong><\/p>\n<ul>\n<li><strong>Formaci\u00f3n Docente Inicial:<\/strong> Prof. Gerardo Bogado &#8211; gerardobogado@gmail.com<\/li>\n<li><strong>Formaci\u00f3n Docente Contin\u00faa:<\/strong> Prof. Paola Vanessa Bornia &#8211; paobornia@hotmail.com<\/li>\n<li><strong>Investigaci\u00f3n<\/strong>: Prof. Flavia Olivera &#8211; flaviaoliveraticifd@gmail.com<\/li>\n<li><strong>Pr\u00e1ctica Docente:<\/strong> Prof. Gladys Alegre &#8211; psicogla@hotmail.com<\/li>\n<li><strong>Pr\u00e1cticas Profesionalizantes:\u00a0<\/strong>Prof. Carolina Isabel Torreblanca &#8211; carolina_torreblanca@hotmail.com<\/li>\n<li><strong>Apoyo Pedag\u00f3gico Escuelas:<\/strong> Prof. Cecilia I. Vera &#8211; Prof.ceciliavera@gmail.com<\/li>\n<li><strong>Pol\u00edticas Estudiantiles:<\/strong> Prof. Juan Carlos Bornia &#8211; juan.bornia@mec.gob.ar<\/li>\n<li><strong>\u00c1rea de Estudiantes:<\/strong> Prof. Mar\u00eda Ver\u00f3nica Torreblanca &#8211; torreblanca405@gmail.com<\/li>\n<li><strong>Centro de Recursos de Apoyo T\u00e9cnico Pedag\u00f3gico (Tecnico):<\/strong> Prof. Carol Cabrera &#8211; cabreracarol@hotmail.com<\/li>\n<li><strong>Centro de Recursos de Apoyo T\u00e9cnico Pedag\u00f3gico (Pedag\u00f3gico):<\/strong> Prof. Tatiana Barrios &#8211; tatibarrios15@gmail.com<\/li>\n<li><strong>Centro de Documentaci\u00f3n:<\/strong> Carolina S\u00e1nchez &#8211; Ramona G\u00f3mez &#8211; bibliotecaisfdjgcossio (facebook)<\/li>\n<\/ul>\n<p><strong>Coordinadores de Carreras:<\/strong><\/p>\n<ul>\n<li><strong>Profesorado de Educaci\u00f3n Secundaria en Lengua y Literatura:<\/strong> Prof. Agustin Destefanis &#8211; destefanisagustin09@gmail.com<\/li>\n<li><strong>Profesorado de Educaci\u00f3n Secundaria en Matem\u00e1tica:<\/strong> Prof. Roberto A. Rodr\u00edguez &#8211; roberproff@gmail.com<\/li>\n<li><strong>Profesorado de Educaci\u00f3n Primaria:<\/strong> Prof. Andrea L\u00f3pez &#8211; landream88@gmail.com<\/li>\n<li><strong>Profesorado de Educaci\u00f3n Inicial:<\/strong> Prof. Tatiana Barrios &#8211; tatibarrios15@gmail.com<\/li>\n<li><strong>Profesorado de Educaci\u00f3n Secundaria en F\u00edsica:\u00a0<\/strong>Prof. Bogado Santiago &#8211; bogadosantiago@gmail.com<\/li>\n<li><strong>Profesorado de Educaci\u00f3n Secundaria en Qu\u00edmica:<\/strong> Prof. Mar\u00eda del Carmen Robledo &#8211; mariarobledo77@hotmail.com<\/li>\n<li><strong>Profesorado de Ingl\u00e9s:<\/strong> Prof. Salinas Betiana &#8211; Betysali@hotmail.com<\/li>\n<li><strong>Tecnicatura Superior en Enfermer\u00eda:<\/strong> Prof. Carlos Mart\u00edn Arce &#8211; cmarce83@yahoo.com.ar<\/li>\n<li><strong>Tecnicatura Superior en Desarrollo de Software:<\/strong> Prof. Carol Cabrera &#8211; cabreracarol@hotmail.com<\/li>\n<\/ul>\n","protected":false},"excerpt":{"rendered":"<p>Rectora: Lic. Lilian Elizabeth Insaurralde &#8211; lilianins@gmail.com Secretaria Acad\u00e9mica: Prof. Karen Luciana Pozzer &#8211; karen.pozzer@hotmail.com Secretaria Administrativa: Prof. Carolina Isabel Torreblanca &#8211; carolina_torreblanca@hotmail.com Coordinadores de \u00c1reas: Formaci\u00f3n Docente Inicial: Prof. Gerardo Bogado &#8211; gerardobogado@gmail.com Formaci\u00f3n Docente Contin\u00faa: Prof. Paola Vanessa Bornia &#8211; paobornia@hotmail.com Investigaci\u00f3n: Prof. Flavia Olivera &#8211; flaviaoliveraticifd@gmail.com Pr\u00e1ctica Docente: Prof. Gladys Alegre &#8211; &#8230; <a title=\"Autoridades\" class=\"read-more\" href=\"https:\/\/ifdjcossio-crr.infd.edu.ar\/sitio\/autoridades\/\" aria-label=\"More on Autoridades\">[+]<\/a><\/p>\n","protected":false},"author":151,"featured_media":0,"parent":0,"menu_order":0,"comment_status":"closed","ping_status":"closed","template":"","meta":[],"acf":[],"_links":{"self":[{"href":"https:\/\/ifdjcossio-crr.infd.edu.ar\/sitio\/wp-json\/wp\/v2\/pages\/775"}],"collection":[{"href":"https:\/\/ifdjcossio-crr.infd.edu.ar\/sitio\/wp-json\/wp\/v2\/pages"}],"about":[{"href":"https:\/\/ifdjcossio-crr.infd.edu.ar\/sitio\/wp-json\/wp\/v2\/types\/page"}],"author":[{"embeddable":true,"href":"https:\/\/ifdjcossio-crr.infd.edu.ar\/sitio\/wp-json\/wp\/v2\/users\/151"}],"replies":[{"embeddable":true,"href":"https:\/\/ifdjcossio-crr.infd.edu.ar\/sitio\/wp-json\/wp\/v2\/comments?post=775"}],"version-history":[{"count":12,"href":"https:\/\/ifdjcossio-crr.infd.edu.ar\/sitio\/wp-json\/wp\/v2\/pages\/775\/revisions"}],"predecessor-version":[{"id":1016,"href":"https:\/\/ifdjcossio-crr.infd.edu.ar\/sitio\/wp-json\/wp\/v2\/pages\/775\/revisions\/1016"}],"wp:attachment":[{"href":"https:\/\/ifdjcossio-crr.infd.edu.ar\/sitio\/wp-json\/wp\/v2\/media?parent=775"}],"curies":[{"name":"wp","href":"https:\/\/api.w.org\/{rel}","templated":true}]}}