{"id":758,"date":"2018-08-30T13:23:20","date_gmt":"2018-08-30T16:23:20","guid":{"rendered":"https:\/\/ifdjcossio-crr.infd.edu.ar\/sitio\/tecnicatura-superior-en-enfermeria\/"},"modified":"2025-11-27T17:34:49","modified_gmt":"2025-11-27T20:34:49","slug":"tecnicatura-superior-en-enfermeria","status":"publish","type":"page","link":"https:\/\/ifdjcossio-crr.infd.edu.ar\/sitio\/carreras-tecnicas\/tecnicatura-superior-en-enfermeria\/","title":{"rendered":"Tecnicatura Superior en Enfermer\u00eda"},"content":{"rendered":"<h5>Establecimiento:&nbsp;<strong>Instituto Superior de Formaci\u00f3n Docente&nbsp;<\/strong><strong>\u00ab<\/strong>&nbsp;Juan Garc\u00eda de Cossio<strong>\u00bb<\/strong><\/h5>\n<h5>Denominaci\u00f3n de la Carrera:&nbsp;<strong>\u201cTecnicatura Superior en Enfermer\u00eda\u201d<\/strong><\/h5>\n<h5>Decreto\/Resoluci\u00f3n: <strong>Resoluci\u00f3n N\u00b0&nbsp;<\/strong><\/h5>\n<h5>T\u00edtulo que otorga:&nbsp;<em>T\u00e9cnico Superior en Enfermer\u00eda<\/em><\/h5>\n<h5>Duraci\u00f3n de la Carrera:&nbsp;<strong><i>Tres a\u00f1os<\/i><\/strong><\/h5>\n<h4><b>Plan de Estudios:<\/b><\/h4>\n<table>\n<tbody>\n<tr>\n<td>\n<b>1\u00baA\u00d1O<\/b><\/td>\n<\/tr>\n<tr>\n<td><span style=\"font-weight: 400;\">Salud P\u00fablica, Estado y Sociedad<\/span><\/td>\n<\/tr>\n<tr>\n<td><span style=\"font-weight: 400;\">Morfofisiolog\u00eda Din\u00e1mica<\/span><\/td>\n<\/tr>\n<tr>\n<td><span style=\"font-weight: 400;\"> Bases f\u00edsico &#8211; qu\u00edmicas<\/span><\/td>\n<\/tr>\n<tr>\n<td><span style=\"font-weight: 400;\">Aspectos Psico-socio-culturales del Desarrollo<\/span><\/td>\n<\/tr>\n<tr>\n<td><span style=\"font-weight: 400;\">Fundamentos de Enfermer\u00eda<\/span><\/td>\n<\/tr>\n<tr>\n<td><span style=\"font-weight: 400;\">Problem\u00e1tica sociocultural y del mundo del &nbsp; Trabajo<\/span><\/td>\n<\/tr>\n<tr>\n<td><span style=\"font-weight: 400;\">Cultura y Comunicaci\u00f3n Contempor\u00e1nea<\/span><\/td>\n<\/tr>\n<tr>\n<td><span style=\"font-weight: 400;\">Enfermer\u00eda&nbsp; Comunitaria<\/span><\/td>\n<\/tr>\n<tr>\n<td><span style=\"font-weight: 400;\">Pr\u00e1ctica Profesional Integrada I&nbsp;<\/span><\/td>\n<\/tr>\n<tr>\n<td>\n<b>2\u00ba A\u00d1O<\/b><\/td>\n<\/tr>\n<tr>\n<td><span style=\"font-weight: 400;\">Psicolog\u00eda social e&nbsp; Institucional<\/span><\/td>\n<\/tr>\n<tr>\n<td><span style=\"font-weight: 400;\">Microbiolog\u00eda, Parasitolog\u00eda e Inmunolog\u00eda<\/span><\/td>\n<\/tr>\n<tr>\n<td><span style=\"font-weight: 400;\">Farmacolog\u00eda<\/span><\/td>\n<\/tr>\n<tr>\n<td><span style=\"font-weight: 400;\">Metodolog\u00eda de la Investigaci\u00f3n &#8211; acci\u00f3n<\/span><\/td>\n<\/tr>\n<tr>\n<td><span style=\"font-weight: 400;\">Nutrici\u00f3n y Dietoterapia<\/span><\/td>\n<\/tr>\n<tr>\n<td><span style=\"font-weight: 400;\">Enfermer\u00eda del Adulto<\/span><\/td>\n<\/tr>\n<tr>\n<td><span style=\"font-weight: 400;\">Epidemiolog\u00eda y Bioestad\u00edstica<\/span><\/td>\n<\/tr>\n<tr>\n<td><span style=\"font-weight: 400;\">Educaci\u00f3n para la salud<\/span><\/td>\n<\/tr>\n<tr>\n<td><span style=\"font-weight: 400;\">Enfermer\u00eda del Adulto Mayor<\/span><\/td>\n<\/tr>\n<tr>\n<td><span style=\"font-weight: 400;\">Pr\u00e1ctica Profesional Integrada II<\/span><\/td>\n<\/tr>\n<tr>\n<td>\n<b>3\u00ba A\u00d1O<\/b><\/td>\n<\/tr>\n<tr>\n<td><span style=\"font-weight: 400;\">Ingl\u00e9s T\u00e9cnico<\/span><\/td>\n<\/tr>\n<tr>\n<td><span style=\"font-weight: 400;\">Inform\u00e1tica Aplicada<\/span><\/td>\n<\/tr>\n<tr>\n<td><span style=\"font-weight: 400;\">\u00c9tica y Legislaci\u00f3n&nbsp; Profesional<\/span><\/td>\n<\/tr>\n<tr>\n<td><span style=\"font-weight: 400;\">Enfermer\u00eda de la Salud Mental y psiqui\u00e1trica<\/span><\/td>\n<\/tr>\n<tr>\n<td><span style=\"font-weight: 400;\">Enfermer\u00eda Materno- Infantil<\/span><\/td>\n<\/tr>\n<tr>\n<td><span style=\"font-weight: 400;\">Seminario \u2013 Taller Cuidados Cr\u00edticos y Emergentolog\u00eda<\/span><\/td>\n<\/tr>\n<tr>\n<td><span style=\"font-weight: 400;\">Gesti\u00f3n y Autogesti\u00f3n en Enfermer\u00eda<\/span><\/td>\n<\/tr>\n<tr>\n<td><span style=\"font-weight: 400;\">Guaran\u00ed<\/span><\/td>\n<\/tr>\n<tr>\n<td><span style=\"font-weight: 400;\">Enfermer\u00eda Infanto-Juvenil<\/span><\/td>\n<\/tr>\n<tr>\n<td><span style=\"font-weight: 400;\">Pr\u00e1ctica Profesional Integrada III<\/span><\/td>\n<\/tr>\n<\/tbody>\n<\/table>\n<p style=\"text-align: center;\"><\/p>\n\n\n<h5 class=\"wp-block-heading\" style=\"color:#1e73be;\"><strong>Redes Sociales y Canales de Contacto<\/strong><\/h5>\n\n\n\n<p>A continuaci\u00f3n se encuentran los enlaces oficiales del Instituto Superior de Formaci\u00f3n Docente \u00abJuan Garc\u00eda de Cossio\u00bb. Estos canales se actualizan peri\u00f3dicamente y constituyen los medios formales de comunicaci\u00f3n institucional.<\/p>\n\n\n\n<ul>\n<li>&#x1f4f1; <strong>WhatsApp:<\/strong> <a href=\"[ENLACE_WHATSAPP]\" target=\"_blank\" rel=\"noopener\">Enviar mensaje<\/a><\/li>\n\n\n\n<li>&#x1f4f8; <strong>Instagram:<\/strong> <a href=\"[ENLACE_INSTAGRAM]\" target=\"_blank\" rel=\"noopener\">@usuario_institucional<\/a><\/li>\n\n\n\n<li>&#x1f3b5; <strong>TikTok:<\/strong> <a href=\"[ENLACE_TIKTOK]\" target=\"_blank\" rel=\"noopener\">@usuario_institucional<\/a><\/li>\n\n\n\n<li>&#x25b6;&#xfe0f; <strong>YouTube:<\/strong> <a href=\"[ENLACE_YOUTUBE]\" target=\"_blank\" rel=\"noopener\">Canal institucional<\/a><\/li>\n\n\n\n<li>&#x2716;&#xfe0f; <strong>X (Twitter):<\/strong> <a href=\"[ENLACE_X]\" target=\"_blank\" rel=\"noopener\">@usuario_institucional<\/a><\/li>\n<\/ul>\n\n\n\n<p><p style=\"font-style:italic; color:#555;\">Si alg\u00fan enlace no se encuentra activo, ser\u00e1 actualizado en los pr\u00f3ximos d\u00edas.<\/p><\/p>\n","protected":false},"excerpt":{"rendered":"<p>Establecimiento:&nbsp;Instituto Superior de Formaci\u00f3n Docente&nbsp;\u00ab&nbsp;Juan Garc\u00eda de Cossio\u00bb Denominaci\u00f3n de la Carrera:&nbsp;\u201cTecnicatura Superior en Enfermer\u00eda\u201d Decreto\/Resoluci\u00f3n: Resoluci\u00f3n N\u00b0&nbsp; T\u00edtulo que otorga:&nbsp;T\u00e9cnico Superior en Enfermer\u00eda Duraci\u00f3n de la Carrera:&nbsp;Tres a\u00f1os Plan de Estudios: 1\u00baA\u00d1O Salud P\u00fablica, Estado y Sociedad Morfofisiolog\u00eda Din\u00e1mica Bases f\u00edsico &#8211; qu\u00edmicas Aspectos Psico-socio-culturales del Desarrollo Fundamentos de Enfermer\u00eda Problem\u00e1tica sociocultural y del &#8230; <a title=\"Tecnicatura Superior en Enfermer\u00eda\" class=\"read-more\" href=\"https:\/\/ifdjcossio-crr.infd.edu.ar\/sitio\/carreras-tecnicas\/tecnicatura-superior-en-enfermeria\/\" aria-label=\"More on Tecnicatura Superior en Enfermer\u00eda\">[+]<\/a><\/p>\n","protected":false},"author":151,"featured_media":0,"parent":1058,"menu_order":0,"comment_status":"closed","ping_status":"closed","template":"","meta":[],"acf":[],"_links":{"self":[{"href":"https:\/\/ifdjcossio-crr.infd.edu.ar\/sitio\/wp-json\/wp\/v2\/pages\/758"}],"collection":[{"href":"https:\/\/ifdjcossio-crr.infd.edu.ar\/sitio\/wp-json\/wp\/v2\/pages"}],"about":[{"href":"https:\/\/ifdjcossio-crr.infd.edu.ar\/sitio\/wp-json\/wp\/v2\/types\/page"}],"author":[{"embeddable":true,"href":"https:\/\/ifdjcossio-crr.infd.edu.ar\/sitio\/wp-json\/wp\/v2\/users\/151"}],"replies":[{"embeddable":true,"href":"https:\/\/ifdjcossio-crr.infd.edu.ar\/sitio\/wp-json\/wp\/v2\/comments?post=758"}],"version-history":[{"count":3,"href":"https:\/\/ifdjcossio-crr.infd.edu.ar\/sitio\/wp-json\/wp\/v2\/pages\/758\/revisions"}],"predecessor-version":[{"id":1164,"href":"https:\/\/ifdjcossio-crr.infd.edu.ar\/sitio\/wp-json\/wp\/v2\/pages\/758\/revisions\/1164"}],"up":[{"embeddable":true,"href":"https:\/\/ifdjcossio-crr.infd.edu.ar\/sitio\/wp-json\/wp\/v2\/pages\/1058"}],"wp:attachment":[{"href":"https:\/\/ifdjcossio-crr.infd.edu.ar\/sitio\/wp-json\/wp\/v2\/media?parent=758"}],"curies":[{"name":"wp","href":"https:\/\/api.w.org\/{rel}","templated":true}]}}