{"id":739,"date":"2018-08-30T13:23:13","date_gmt":"2018-08-30T16:23:13","guid":{"rendered":"https:\/\/ifdjcossio-crr.infd.edu.ar\/sitio\/profesorado-de-educacion-secundaria-en-matematica\/"},"modified":"2025-11-27T17:27:14","modified_gmt":"2025-11-27T20:27:14","slug":"profesorado-de-educacion-secundaria-en-matematica","status":"publish","type":"page","link":"https:\/\/ifdjcossio-crr.infd.edu.ar\/sitio\/carreras-docentes\/profesorado-de-educacion-secundaria-en-matematica\/","title":{"rendered":"Profesorado de Educaci\u00f3n Secundaria en Matem\u00e1tica"},"content":{"rendered":"\n<p><\/p>\n\n\n\n<h5 class=\"wp-block-heading\">Establecimiento:&nbsp;<strong>Instituto Superior de Formaci\u00f3n Docente \u00ab<\/strong>Juan Garc\u00eda de Cossio<strong>\u00bb<\/strong><\/h5>\n\n\n\n<h5 class=\"wp-block-heading\">Denominaci\u00f3n de la Carrera:&nbsp;<strong>\u201cProfesorado&nbsp;de Educaci\u00f3n Secundaria en Matem\u00e1tica\u201d<\/strong><\/h5>\n\n\n\n<h5 class=\"wp-block-heading\">Decreto\/Resoluci\u00f3n:&nbsp;<strong>Resoluci\u00f3n N\u00b0 4658\/15<\/strong><\/h5>\n\n\n\n<h5 class=\"wp-block-heading\">T\u00edtulo que Otorga:&nbsp;<em>Profesor&nbsp;de Educaci\u00f3n Secundaria en Matem\u00e1tica<\/em><\/h5>\n\n\n\n<h5 class=\"wp-block-heading\">Duraci\u00f3n de la Carrera:&nbsp;<strong>cuatro a\u00f1os<\/strong><\/h5>\n\n\n\n<p class=\"has-medium-font-size\"><strong>Plan de Estudios<\/strong><\/p>\n\n\n\n<p><\/p>\n\n\n\n<figure class=\"wp-block-table is-style-stripes\"><table><tbody><tr><td><strong>1\u00ba A\u00f1o<\/strong><\/td><\/tr><tr><td><strong>&nbsp;<\/strong><\/td><td><strong>Unidad Curricular<\/strong><\/td><td><strong>R\u00e9gimen<\/strong><\/td><\/tr><tr><td><strong>1<\/strong><\/td><td>Pedagog\u00eda<\/td><td>Anual<\/td><\/tr><tr><td><strong>2<\/strong><\/td><td>Psicolog\u00eda Educacional<\/td><td>Cuatrimestral<\/td><\/tr><tr><td><strong>3<\/strong><\/td><td>Did\u00e1ctica General<\/td><td>Anual<\/td><\/tr><tr><td><strong>4<\/strong><\/td><td>Lectura y Escritura Acad\u00e9mica<\/td><td>Anual<\/td><\/tr><tr><td><strong>5<\/strong><\/td><td>Resoluci\u00f3n de Problemas Matem\u00e1ticos<\/td><td>Cuatrimestral<\/td><\/tr><tr><td><strong>6<\/strong><\/td><td>Algebra I<\/td><td>Anual<\/td><\/tr><tr><td><strong>7<\/strong><\/td><td>Geometr\u00eda I (M\u00e9trica y Trigonometr\u00eda)<\/td><td>Anual<\/td><\/tr><tr><td><strong>8<\/strong><\/td><td>Tecnolog\u00edas de la Informaci\u00f3n y la Comunicaci\u00f3n<\/td><td>Cuatrimestral<\/td><\/tr><tr><td><strong>9<\/strong><\/td><td>Pr\u00e1ctica Docente I: M\u00e9todos y T\u00e9cnicas de Recolecci\u00f3n\/Instituciones Educativas<\/td><td>Anual<\/td><\/tr><tr><td><strong>&nbsp;<\/strong><\/td><td>&nbsp;<\/td><td>&nbsp;<\/td><\/tr><tr><td><strong>2\u00ba A\u00f1o<\/strong><\/td><\/tr><tr><td><strong>10<\/strong><\/td><td>Historia Argentina y Latinoamericana<\/td><td>Cuatrimestral<\/td><\/tr><tr><td><strong>11<\/strong><\/td><td>Historia y Pol\u00edtica de la Educaci\u00f3n Argentina<\/td><td>Cuatrimestral<\/td><\/tr><tr><td><strong>12<\/strong><\/td><td>Sujeto de la Educaci\u00f3n Secundaria<\/td><td>Cuatrimestral<\/td><\/tr><tr><td><strong>13<\/strong><\/td><td>Resoluci\u00f3n de Problemas Geom\u00e9tricos<\/td><td>Cuatrimestral<\/td><\/tr><tr><td><strong>14<\/strong><\/td><td>Algebra II<\/td><td>Anual<\/td><\/tr><tr><td><strong>15<\/strong><\/td><td>An\u00e1lisis Matem\u00e1tico I<\/td><td>Anual<\/td><\/tr><tr><td><strong>16<\/strong><\/td><td>Geometr\u00eda II<\/td><td>Anual<\/td><\/tr><tr><td><strong>17<\/strong><\/td><td>Did\u00e1ctica de la Matem\u00e1tica I<\/td><td>Anual<\/td><\/tr><tr><td><strong>18<\/strong><\/td><td>Tecnolog\u00edas de la Informaci\u00f3n y de la Comunicaci\u00f3n en la Ense\u00f1anza<\/td><td>Cuatrimestral<\/td><\/tr><tr><td><strong>19<\/strong><\/td><td>Pr\u00e1ctica Docente II: Programaci\u00f3n de la Ense\u00f1anza\/Curriculum y Organizaciones Escolares<\/td><td>Anual<\/td><\/tr><tr><td><strong>&nbsp;<\/strong><\/td><td>&nbsp;<\/td><td>&nbsp;<\/td><\/tr><tr><td><strong>3\u00ba A\u00f1o<\/strong><\/td><\/tr><tr><td><strong>20<\/strong><\/td><td>Sociolog\u00eda de la Educaci\u00f3n<\/td><td>Cuatrimestral<\/td><\/tr><tr><td><strong>21<\/strong><\/td><td>An\u00e1lisis Matem\u00e1tico II<\/td><td>Anual<\/td><\/tr><tr><td><strong>22<\/strong><\/td><td>Algebra III<\/td><td>Anual<\/td><\/tr><tr><td><strong>23<\/strong><\/td><td>Did\u00e1ctica de la Matem\u00e1tica II<\/td><td>Anual<\/td><\/tr><tr><td><strong>24<\/strong><\/td><td>Estad\u00edstica y Probabilidad<\/td><td>Anual<\/td><\/tr><tr><td><strong>25<\/strong><\/td><td>C\u00e1lculo Num\u00e9rico<\/td><td>Anual<\/td><\/tr><tr><td><strong>26<\/strong><\/td><td>Historia y Epistemolog\u00eda de la Matem\u00e1tica<\/td><td>Anual<\/td><\/tr><tr><td><strong>27<\/strong><\/td><td>Pr\u00e1ctica Docente III: Coordinaci\u00f3n de Grupos de Aprendizaje\/Evaluaci\u00f3n de los Aprendizajes<\/td><td>Anual<\/td><\/tr><tr><td><strong>&nbsp;<\/strong><\/td><td>&nbsp;<\/td><td>&nbsp;<\/td><\/tr><tr><td><strong>4\u00ba A\u00f1o<\/strong><\/td><\/tr><tr><td><strong>28<\/strong><\/td><td>\u00c9tica y Ciudadan\u00eda<\/td><td>Cuatrimestral<\/td><\/tr><tr><td><strong>29<\/strong><\/td><td>Educaci\u00f3n Sexual Integral (E.S.I.)<\/td><td>Cuatrimestral<\/td><\/tr><tr><td><strong>30<\/strong><\/td><td>Filosof\u00eda<\/td><td>Cuatrimestral<\/td><\/tr><tr><td><strong>31<\/strong><\/td><td>Matem\u00e1tica Aplicada (Econom\u00eda, F\u00edsica, Biolog\u00eda)<\/td><td>Cuatrimestral<\/td><\/tr><tr><td><strong>32<\/strong><\/td><td>Metodolog\u00eda de la Investigaci\u00f3n Educativa en Matem\u00e1tica<\/td><td>Anual<\/td><\/tr><tr><td><strong>33<\/strong><\/td><td>Residencia Pedag\u00f3gica: Sistematizaci\u00f3n de Experiencias<\/td><td>Anual<\/td><\/tr><\/tbody><\/table><\/figure>\n\n\n\n<h5 class=\"wp-block-heading\" style=\"color:#1e73be;\"><strong>Redes Sociales y Canales de Contacto<\/strong><\/h5>\n\n\n\n<p>A continuaci\u00f3n se encuentran los enlaces oficiales del Instituto Superior de Formaci\u00f3n Docente \u00abJuan Garc\u00eda de Cossio\u00bb. Estos canales se actualizan peri\u00f3dicamente y constituyen los medios formales de comunicaci\u00f3n institucional.<\/p>\n\n\n\n<ul>\n<li>&#x1f4f1; <strong>WhatsApp:<\/strong> <a href=\"[ENLACE_WHATSAPP]\" target=\"_blank\" rel=\"noopener\">Enviar mensaje<\/a><\/li>\n\n\n\n<li>&#x1f4f8; <strong>Instagram:<\/strong> <a href=\"[ENLACE_INSTAGRAM]\" target=\"_blank\" rel=\"noopener\">@usuario_institucional<\/a><\/li>\n\n\n\n<li>&#x1f3b5; <strong>TikTok:<\/strong> <a href=\"https:\/\/www.tiktok.com\/@profesorado.de.ma?_t=ZM-90wFwUZv6cN&amp;_r=1\" target=\"_blank\" rel=\"noopener\">@profesorado.de.ma<\/a><\/li>\n\n\n\n<li>&#x25b6;&#xfe0f; <strong>YouTube:<\/strong> <a href=\"[ENLACE_YOUTUBE]\" target=\"_blank\" rel=\"noopener\">Canal institucional<\/a><\/li>\n<\/ul>\n\n\n\n<p><p style=\"font-style:italic; color:#555;\">Si alg\u00fan enlace no se encuentra activo, ser\u00e1 actualizado en los pr\u00f3ximos d\u00edas.<\/p><\/p>\n","protected":false},"excerpt":{"rendered":"<p>Establecimiento:&nbsp;Instituto Superior de Formaci\u00f3n Docente \u00abJuan Garc\u00eda de Cossio\u00bb Denominaci\u00f3n de la Carrera:&nbsp;\u201cProfesorado&nbsp;de Educaci\u00f3n Secundaria en Matem\u00e1tica\u201d Decreto\/Resoluci\u00f3n:&nbsp;Resoluci\u00f3n N\u00b0 4658\/15 T\u00edtulo que Otorga:&nbsp;Profesor&nbsp;de Educaci\u00f3n Secundaria en Matem\u00e1tica Duraci\u00f3n de la Carrera:&nbsp;cuatro a\u00f1os Plan de Estudios 1\u00ba A\u00f1o &nbsp; Unidad Curricular R\u00e9gimen 1 Pedagog\u00eda Anual 2 Psicolog\u00eda Educacional Cuatrimestral 3 Did\u00e1ctica General Anual 4 Lectura y &#8230; <a title=\"Profesorado de Educaci\u00f3n Secundaria en Matem\u00e1tica\" class=\"read-more\" href=\"https:\/\/ifdjcossio-crr.infd.edu.ar\/sitio\/carreras-docentes\/profesorado-de-educacion-secundaria-en-matematica\/\" aria-label=\"More on Profesorado de Educaci\u00f3n Secundaria en Matem\u00e1tica\">[+]<\/a><\/p>\n","protected":false},"author":151,"featured_media":0,"parent":1042,"menu_order":0,"comment_status":"closed","ping_status":"closed","template":"","meta":[],"acf":[],"_links":{"self":[{"href":"https:\/\/ifdjcossio-crr.infd.edu.ar\/sitio\/wp-json\/wp\/v2\/pages\/739"}],"collection":[{"href":"https:\/\/ifdjcossio-crr.infd.edu.ar\/sitio\/wp-json\/wp\/v2\/pages"}],"about":[{"href":"https:\/\/ifdjcossio-crr.infd.edu.ar\/sitio\/wp-json\/wp\/v2\/types\/page"}],"author":[{"embeddable":true,"href":"https:\/\/ifdjcossio-crr.infd.edu.ar\/sitio\/wp-json\/wp\/v2\/users\/151"}],"replies":[{"embeddable":true,"href":"https:\/\/ifdjcossio-crr.infd.edu.ar\/sitio\/wp-json\/wp\/v2\/comments?post=739"}],"version-history":[{"count":5,"href":"https:\/\/ifdjcossio-crr.infd.edu.ar\/sitio\/wp-json\/wp\/v2\/pages\/739\/revisions"}],"predecessor-version":[{"id":1157,"href":"https:\/\/ifdjcossio-crr.infd.edu.ar\/sitio\/wp-json\/wp\/v2\/pages\/739\/revisions\/1157"}],"up":[{"embeddable":true,"href":"https:\/\/ifdjcossio-crr.infd.edu.ar\/sitio\/wp-json\/wp\/v2\/pages\/1042"}],"wp:attachment":[{"href":"https:\/\/ifdjcossio-crr.infd.edu.ar\/sitio\/wp-json\/wp\/v2\/media?parent=739"}],"curies":[{"name":"wp","href":"https:\/\/api.w.org\/{rel}","templated":true}]}}