{"id":737,"date":"2018-08-30T13:23:12","date_gmt":"2018-08-30T16:23:12","guid":{"rendered":"https:\/\/ifdjcossio-crr.infd.edu.ar\/sitio\/profesorado-de-educacion-primaria\/"},"modified":"2025-11-06T20:22:19","modified_gmt":"2025-11-06T23:22:19","slug":"profesorado-de-educacion-primaria","status":"publish","type":"page","link":"https:\/\/ifdjcossio-crr.infd.edu.ar\/sitio\/carreras-docentes\/profesorado-de-educacion-primaria\/","title":{"rendered":"Profesorado de Educaci\u00f3n Primaria"},"content":{"rendered":"\n<h5 class=\"wp-block-heading\">Establecimiento:&nbsp;<strong>Instituto Superior de Formaci\u00f3n Docente \u00ab<\/strong>Juan Garc\u00eda de Cossio<strong>\u00bb<\/strong><\/h5>\n\n\n\n<h5 class=\"wp-block-heading\">Denominaci\u00f3n de la Carrera:&nbsp;<strong>\u201cProfesorado&nbsp;de Educaci\u00f3n Primaria\u201d<\/strong><\/h5>\n\n\n\n<h5 class=\"wp-block-heading\">Decreto\/Resoluci\u00f3n:&nbsp;<strong>Resoluci\u00f3n N\u00b0 1464\/14<\/strong><\/h5>\n\n\n\n<h5 class=\"wp-block-heading\">T\u00edtulo que Otorga:&nbsp;<em>Profesor&nbsp;de Educaci\u00f3n Primaria<\/em><\/h5>\n\n\n\n<h5 class=\"wp-block-heading\">Duraci\u00f3n de la Carrera:&nbsp;<strong>cuatro a\u00f1os<\/strong><\/h5>\n\n\n\n<p class=\"has-medium-font-size\"><strong>Plan de Estudio<\/strong><\/p>\n\n\n\n<figure class=\"wp-block-table is-style-stripes\"><table><tbody><tr><td><strong>1\u00ba A\u00d1O<\/strong><\/td><\/tr><tr><td>&nbsp;<\/td><td><strong>Unidad Curricular<\/strong><\/td><td><strong>R\u00e9gimen<\/strong><\/td><td><strong>Hs.<\/strong><\/td><\/tr><tr><td>1<\/td><td>Pedagog\u00eda<\/td><td>Cuatrimestral<\/td><td>6<\/td><\/tr><tr><td>2<\/td><td>Psicolog\u00eda Educacional<\/td><td>Cuatrimestral<\/td><td>6<\/td><\/tr><tr><td>3<\/td><td>Did\u00e1ctica General<\/td><td>Anual<\/td><td>4<\/td><\/tr><tr><td>4<\/td><td>Lectura y Escritura Acad\u00e9mica<\/td><td>Anual<\/td><td>3<\/td><\/tr><tr><td>5<\/td><td>Lengua y Literatura<\/td><td>Anual<\/td><td>4<\/td><\/tr><tr><td>6<\/td><td>Matem\u00e1tica<\/td><td>Anual<\/td><td>4<\/td><\/tr><tr><td>7<\/td><td>Ciencias Sociales<\/td><td>Anual<\/td><td>4<\/td><\/tr><tr><td>8<\/td><td>Ciencias Naturales<\/td><td>Anual<\/td><td>4<\/td><\/tr><tr><td>9<\/td><td>Pr\u00e1ctica I: M\u00e9todos y T\u00e9cnicas de Recolecci\u00f3n\/Instituciones Educativas<\/td><td>Anual<\/td><td>5<\/td><\/tr><tr><td><strong>2\u00ba A\u00d1O<\/strong><\/td><\/tr><tr><td>10<\/td><td>Tecnolog\u00edas de la Informaci\u00f3n y la Comunicaci\u00f3n<\/td><td>Cuatrimestral<\/td><td>6<\/td><\/tr><tr><td>11<\/td><td>Historia Argentina y Latinoamericana<\/td><td>Cuatrimestral<\/td><td>4<\/td><\/tr><tr><td>12<\/td><td>Historia y Pol\u00edtica de la Educaci\u00f3n Argentina<\/td><td>Cuatrimestral<\/td><td>4<\/td><\/tr><tr><td>13<\/td><td>Filosof\u00eda<\/td><td>Cuatrimestral<\/td><td>4<\/td><\/tr><tr><td>14<\/td><td>Ense\u00f1anza de la Lengua y Literatura<\/td><td>Anual<\/td><td>6<\/td><\/tr><tr><td>15<\/td><td>Ense\u00f1anza de la Matem\u00e1tica<\/td><td>Anual<\/td><td>6<\/td><\/tr><tr><td>16<\/td><td>Sujeto de la Educaci\u00f3n Primaria<\/td><td>Anual<\/td><td>6<\/td><\/tr><tr><td>17<\/td><td>Pr\u00e1ctica Docente II: Programaci\u00f3n de la Ense\u00f1anza\/ Curriculum y Organizaciones Escolares<\/td><td>Anual<\/td><td>6<\/td><\/tr><tr><td><strong>3\u00ba A\u00d1O<\/strong><\/td><\/tr><tr><td>18<\/td><td>Propuesta variable o complementaria 1<\/td><td>Cuatrimestral<\/td><td>3<\/td><\/tr><tr><td>19<\/td><td>Lengua Extranjera<\/td><td>Cuatrimestral<\/td><td>3<\/td><\/tr><tr><td>20<\/td><td>Alfabetizaci\u00f3n Inicial<\/td><td>Anual<\/td><td>3<\/td><\/tr><tr><td>21<\/td><td>Lenguajes Art\u00edsticos Integrados<\/td><td>Cuatrimestral<\/td><td>3<\/td><\/tr><tr><td>22<\/td><td>Sociolog\u00eda de la Educaci\u00f3n<\/td><td>Cuatrimestral<\/td><td>4<\/td><\/tr><tr><td>23<\/td><td>Problem\u00e1tica Contempor\u00e1nea de la Educaci\u00f3n Primaria<\/td><td>Cuatrimestral<\/td><td>3<\/td><\/tr><tr><td>24<\/td><td>Tecnolog\u00edas de la Informaci\u00f3n y la Comunicaci\u00f3n en la Ense\u00f1anza<\/td><td>Cuatrimestral<\/td><td>3<\/td><\/tr><tr><td>25<\/td><td>Ense\u00f1anza de las Ciencias Naturales<\/td><td>Anual<\/td><td>6<\/td><\/tr><tr><td>26<\/td><td>Ense\u00f1anza de las Ciencias Sociales<\/td><td>Anual<\/td><td>6<\/td><\/tr><tr><td>27<\/td><td>Pr\u00e1ctica Docente III: Coordinaci\u00f3n de grupos de aprendizaje\/ Evaluaci\u00f3n de los Aprendizajes<\/td><td>Anual &nbsp;<\/td><td>7<\/td><\/tr><tr><td><strong>4\u00ba A\u00d1O<\/strong><\/td><\/tr><tr><td>28<\/td><td>\u00c9tica y Ciudadan\u00eda<\/td><td>Cuatrimestral<\/td><td>6<\/td><\/tr><tr><td>29<\/td><td>Educaci\u00f3n Sexual Integral<\/td><td>Cuatrimestral<\/td><td>3<\/td><\/tr><tr><td>30<\/td><td>Propuesta variable o complementaria 2<\/td><td>Cuatrimestral<\/td><td>3<\/td><\/tr><tr><td>31<\/td><td>Ateneo did\u00e1ctico: Matem\u00e1tica<\/td><td>Anual<\/td><td>3<\/td><\/tr><tr><td>32<\/td><td>Ateneo did\u00e1ctico: Lengua<\/td><td>Anual<\/td><td>3<\/td><\/tr><tr><td>33<\/td><td>Ateneo did\u00e1ctico: Ciencias Naturales<\/td><td>Anual<\/td><td>3<\/td><\/tr><tr><td>34<\/td><td>Ateneo did\u00e1ctico: Ciencias Sociales<\/td><td>Anual<\/td><td>3<\/td><\/tr><tr><td>35<\/td><td>Residencia Pedag\u00f3gica: Sistematizaci\u00f3n de experiencias<\/td><td>Anual<\/td><td>10<\/td><\/tr><\/tbody><\/table><\/figure>\n","protected":false},"excerpt":{"rendered":"<p>Establecimiento:&nbsp;Instituto Superior de Formaci\u00f3n Docente \u00abJuan Garc\u00eda de Cossio\u00bb Denominaci\u00f3n de la Carrera:&nbsp;\u201cProfesorado&nbsp;de Educaci\u00f3n Primaria\u201d Decreto\/Resoluci\u00f3n:&nbsp;Resoluci\u00f3n N\u00b0 1464\/14 T\u00edtulo que Otorga:&nbsp;Profesor&nbsp;de Educaci\u00f3n Primaria Duraci\u00f3n de la Carrera:&nbsp;cuatro a\u00f1os Plan de Estudio 1\u00ba A\u00d1O &nbsp; Unidad Curricular R\u00e9gimen Hs. 1 Pedagog\u00eda Cuatrimestral 6 2 Psicolog\u00eda Educacional Cuatrimestral 6 3 Did\u00e1ctica General Anual 4 4 Lectura y &#8230; <a title=\"Profesorado de Educaci\u00f3n Primaria\" class=\"read-more\" href=\"https:\/\/ifdjcossio-crr.infd.edu.ar\/sitio\/carreras-docentes\/profesorado-de-educacion-primaria\/\" aria-label=\"More on Profesorado de Educaci\u00f3n Primaria\">[+]<\/a><\/p>\n","protected":false},"author":151,"featured_media":0,"parent":1042,"menu_order":0,"comment_status":"closed","ping_status":"closed","template":"","meta":[],"acf":[],"_links":{"self":[{"href":"https:\/\/ifdjcossio-crr.infd.edu.ar\/sitio\/wp-json\/wp\/v2\/pages\/737"}],"collection":[{"href":"https:\/\/ifdjcossio-crr.infd.edu.ar\/sitio\/wp-json\/wp\/v2\/pages"}],"about":[{"href":"https:\/\/ifdjcossio-crr.infd.edu.ar\/sitio\/wp-json\/wp\/v2\/types\/page"}],"author":[{"embeddable":true,"href":"https:\/\/ifdjcossio-crr.infd.edu.ar\/sitio\/wp-json\/wp\/v2\/users\/151"}],"replies":[{"embeddable":true,"href":"https:\/\/ifdjcossio-crr.infd.edu.ar\/sitio\/wp-json\/wp\/v2\/comments?post=737"}],"version-history":[{"count":5,"href":"https:\/\/ifdjcossio-crr.infd.edu.ar\/sitio\/wp-json\/wp\/v2\/pages\/737\/revisions"}],"predecessor-version":[{"id":1047,"href":"https:\/\/ifdjcossio-crr.infd.edu.ar\/sitio\/wp-json\/wp\/v2\/pages\/737\/revisions\/1047"}],"up":[{"embeddable":true,"href":"https:\/\/ifdjcossio-crr.infd.edu.ar\/sitio\/wp-json\/wp\/v2\/pages\/1042"}],"wp:attachment":[{"href":"https:\/\/ifdjcossio-crr.infd.edu.ar\/sitio\/wp-json\/wp\/v2\/media?parent=737"}],"curies":[{"name":"wp","href":"https:\/\/api.w.org\/{rel}","templated":true}]}}