{"id":1143,"date":"2025-11-27T17:01:40","date_gmt":"2025-11-27T20:01:40","guid":{"rendered":"https:\/\/ifdjcossio-crr.infd.edu.ar\/sitio\/?page_id=1143"},"modified":"2025-11-27T17:01:42","modified_gmt":"2025-11-27T20:01:42","slug":"inscripciones","status":"publish","type":"page","link":"https:\/\/ifdjcossio-crr.infd.edu.ar\/sitio\/inscripciones\/","title":{"rendered":"Inscripciones"},"content":{"rendered":"<section id=\"inscripciones\" style=\"font-family: system-ui,-apple-system,Segoe UI,Roboto,Arial,sans-serif;\">\n<h2 style=\"color: #1e73be; margin-bottom: 0.4rem;\"><\/h2>\n<p>Las inscripciones a las carreras del ISDF \u201cJuan Garc\u00eda de Cossio\u201d se habilitar\u00e1n exclusivamente durante el per\u00edodo oficial<br \/>\nestablecido por la instituci\u00f3n. Pr\u00f3ximamente se comunicar\u00e1n las fechas, requisitos y modalidades para cada carrera.<\/p>\n<p style=\"margin-top: 0.8rem; color: #333;\">Se recomienda a los aspirantes mantenerse atentos a las novedades publicadas en este sitio web y en los canales institucionales formales.<\/p>\n<p style=\"font-style: italic; color: #555; margin-top: 0.6rem;\">La disponibilidad de cupos, documentaci\u00f3n requerida y enlaces de inscripci\u00f3n ser\u00e1n informados oportunamente.<\/p>\n<\/section>\n","protected":false},"excerpt":{"rendered":"<p>Las inscripciones a las carreras del ISDF \u201cJuan Garc\u00eda de Cossio\u201d se habilitar\u00e1n exclusivamente durante el per\u00edodo oficial establecido por la instituci\u00f3n. Pr\u00f3ximamente se comunicar\u00e1n las fechas, requisitos y modalidades para cada carrera. Se recomienda a los aspirantes mantenerse atentos a las novedades publicadas en este sitio web y en los canales institucionales formales. La &#8230; <a title=\"Inscripciones\" class=\"read-more\" href=\"https:\/\/ifdjcossio-crr.infd.edu.ar\/sitio\/inscripciones\/\" aria-label=\"More on Inscripciones\">[+]<\/a><\/p>\n","protected":false},"author":7383,"featured_media":0,"parent":0,"menu_order":0,"comment_status":"closed","ping_status":"closed","template":"","meta":[],"acf":[],"_links":{"self":[{"href":"https:\/\/ifdjcossio-crr.infd.edu.ar\/sitio\/wp-json\/wp\/v2\/pages\/1143"}],"collection":[{"href":"https:\/\/ifdjcossio-crr.infd.edu.ar\/sitio\/wp-json\/wp\/v2\/pages"}],"about":[{"href":"https:\/\/ifdjcossio-crr.infd.edu.ar\/sitio\/wp-json\/wp\/v2\/types\/page"}],"author":[{"embeddable":true,"href":"https:\/\/ifdjcossio-crr.infd.edu.ar\/sitio\/wp-json\/wp\/v2\/users\/7383"}],"replies":[{"embeddable":true,"href":"https:\/\/ifdjcossio-crr.infd.edu.ar\/sitio\/wp-json\/wp\/v2\/comments?post=1143"}],"version-history":[{"count":1,"href":"https:\/\/ifdjcossio-crr.infd.edu.ar\/sitio\/wp-json\/wp\/v2\/pages\/1143\/revisions"}],"predecessor-version":[{"id":1149,"href":"https:\/\/ifdjcossio-crr.infd.edu.ar\/sitio\/wp-json\/wp\/v2\/pages\/1143\/revisions\/1149"}],"wp:attachment":[{"href":"https:\/\/ifdjcossio-crr.infd.edu.ar\/sitio\/wp-json\/wp\/v2\/media?parent=1143"}],"curies":[{"name":"wp","href":"https:\/\/api.w.org\/{rel}","templated":true}]}}