{"id":1085,"date":"2025-11-06T21:36:35","date_gmt":"2025-11-07T00:36:35","guid":{"rendered":"https:\/\/ifdjcossio-crr.infd.edu.ar\/sitio\/?page_id=1085"},"modified":"2025-11-27T16:59:08","modified_gmt":"2025-11-27T19:59:08","slug":"colonia-pando","status":"publish","type":"page","link":"https:\/\/ifdjcossio-crr.infd.edu.ar\/sitio\/subsedes\/colonia-pando\/","title":{"rendered":"Colonia Pando"},"content":{"rendered":"<section id=\"inscripciones\" style=\"font-family:system-ui,-apple-system,Segoe UI,Roboto,Arial,sans-serif;\">\n<h2 style=\"color:#1e73be; margin-bottom:0.4rem;\">Inscripciones<\/h2>\n<p>Las inscripciones a las carreras del ISDF \u201cJuan Garc\u00eda de Cossio\u201d se habilitar\u00e1n durante el per\u00edodo oficial<br \/>\ndeterminado por la instituci\u00f3n. Pr\u00f3ximamente se publicar\u00e1n fechas, requisitos y formularios.<\/p>\n<p style=\"font-style:italic; color:#555; margin-top:0.4rem;\">\n    Para mantenerse informado, visite regularmente este sitio web y los canales institucionales.<\/p>\n<\/section>\n","protected":false},"excerpt":{"rendered":"<p>Inscripciones Las inscripciones a las carreras del ISDF \u201cJuan Garc\u00eda de Cossio\u201d se habilitar\u00e1n durante el per\u00edodo oficial determinado por la instituci\u00f3n. Pr\u00f3ximamente se publicar\u00e1n fechas, requisitos y formularios. Para mantenerse informado, visite regularmente este sitio web y los canales institucionales.<\/p>\n","protected":false},"author":7383,"featured_media":0,"parent":1036,"menu_order":0,"comment_status":"closed","ping_status":"closed","template":"","meta":[],"acf":[],"_links":{"self":[{"href":"https:\/\/ifdjcossio-crr.infd.edu.ar\/sitio\/wp-json\/wp\/v2\/pages\/1085"}],"collection":[{"href":"https:\/\/ifdjcossio-crr.infd.edu.ar\/sitio\/wp-json\/wp\/v2\/pages"}],"about":[{"href":"https:\/\/ifdjcossio-crr.infd.edu.ar\/sitio\/wp-json\/wp\/v2\/types\/page"}],"author":[{"embeddable":true,"href":"https:\/\/ifdjcossio-crr.infd.edu.ar\/sitio\/wp-json\/wp\/v2\/users\/7383"}],"replies":[{"embeddable":true,"href":"https:\/\/ifdjcossio-crr.infd.edu.ar\/sitio\/wp-json\/wp\/v2\/comments?post=1085"}],"version-history":[{"count":2,"href":"https:\/\/ifdjcossio-crr.infd.edu.ar\/sitio\/wp-json\/wp\/v2\/pages\/1085\/revisions"}],"predecessor-version":[{"id":1147,"href":"https:\/\/ifdjcossio-crr.infd.edu.ar\/sitio\/wp-json\/wp\/v2\/pages\/1085\/revisions\/1147"}],"up":[{"embeddable":true,"href":"https:\/\/ifdjcossio-crr.infd.edu.ar\/sitio\/wp-json\/wp\/v2\/pages\/1036"}],"wp:attachment":[{"href":"https:\/\/ifdjcossio-crr.infd.edu.ar\/sitio\/wp-json\/wp\/v2\/media?parent=1085"}],"curies":[{"name":"wp","href":"https:\/\/api.w.org\/{rel}","templated":true}]}}