{"id":1083,"date":"2025-11-06T21:35:16","date_gmt":"2025-11-07T00:35:16","guid":{"rendered":"https:\/\/ifdjcossio-crr.infd.edu.ar\/sitio\/?page_id=1083"},"modified":"2025-11-27T16:58:31","modified_gmt":"2025-11-27T19:58:31","slug":"mantilla","status":"publish","type":"page","link":"https:\/\/ifdjcossio-crr.infd.edu.ar\/sitio\/subsedes\/mantilla\/","title":{"rendered":"Mantilla"},"content":{"rendered":"<section id=\"subsede-mantilla\" style=\"font-family:system-ui,-apple-system,Segoe UI,Roboto,Arial,sans-serif;\">\n<h2 style=\"color:#1e73be; margin-bottom:0.4rem;\">Extensi\u00f3n \u00c1ulica \u2013 Mantilla (Pedro R. Fern\u00e1ndez)<\/h2>\n<p>La extensi\u00f3n en Mantilla ofrece educaci\u00f3n superior con acompa\u00f1amiento personalizado y propuestas pedag\u00f3gicas<br \/>\nflexibles destinadas a j\u00f3venes y adultos de la regi\u00f3n.<\/p>\n<ul style=\"margin:0.8rem 0 1rem 1.2rem;\">\n<li>Modalidad: Presencial con horarios adaptados.<\/li>\n<li>Actividades: Tutor\u00edas, pr\u00e1cticas y proyectos comunitarios.<\/li>\n<li>Enfoque: Potenciar las trayectorias educativas locales.<\/li>\n<\/ul>\n<details>\n<summary style=\"cursor:pointer;\">Contacto \/ Horarios<\/summary>\n<p style=\"margin:0.5rem 0 0;\">Direcci\u00f3n: [completar] \u00b7 Horarios: [completar]<\/p>\n<\/details>\n<\/section>\n","protected":false},"excerpt":{"rendered":"<p>Extensi\u00f3n \u00c1ulica \u2013 Mantilla (Pedro R. Fern\u00e1ndez) La extensi\u00f3n en Mantilla ofrece educaci\u00f3n superior con acompa\u00f1amiento personalizado y propuestas pedag\u00f3gicas flexibles destinadas a j\u00f3venes y adultos de la regi\u00f3n. Modalidad: Presencial con horarios adaptados. Actividades: Tutor\u00edas, pr\u00e1cticas y proyectos comunitarios. Enfoque: Potenciar las trayectorias educativas locales. Contacto \/ Horarios Direcci\u00f3n: [completar] \u00b7 Horarios: [completar]<\/p>\n","protected":false},"author":7383,"featured_media":0,"parent":1036,"menu_order":0,"comment_status":"closed","ping_status":"closed","template":"","meta":[],"acf":[],"_links":{"self":[{"href":"https:\/\/ifdjcossio-crr.infd.edu.ar\/sitio\/wp-json\/wp\/v2\/pages\/1083"}],"collection":[{"href":"https:\/\/ifdjcossio-crr.infd.edu.ar\/sitio\/wp-json\/wp\/v2\/pages"}],"about":[{"href":"https:\/\/ifdjcossio-crr.infd.edu.ar\/sitio\/wp-json\/wp\/v2\/types\/page"}],"author":[{"embeddable":true,"href":"https:\/\/ifdjcossio-crr.infd.edu.ar\/sitio\/wp-json\/wp\/v2\/users\/7383"}],"replies":[{"embeddable":true,"href":"https:\/\/ifdjcossio-crr.infd.edu.ar\/sitio\/wp-json\/wp\/v2\/comments?post=1083"}],"version-history":[{"count":2,"href":"https:\/\/ifdjcossio-crr.infd.edu.ar\/sitio\/wp-json\/wp\/v2\/pages\/1083\/revisions"}],"predecessor-version":[{"id":1146,"href":"https:\/\/ifdjcossio-crr.infd.edu.ar\/sitio\/wp-json\/wp\/v2\/pages\/1083\/revisions\/1146"}],"up":[{"embeddable":true,"href":"https:\/\/ifdjcossio-crr.infd.edu.ar\/sitio\/wp-json\/wp\/v2\/pages\/1036"}],"wp:attachment":[{"href":"https:\/\/ifdjcossio-crr.infd.edu.ar\/sitio\/wp-json\/wp\/v2\/media?parent=1083"}],"curies":[{"name":"wp","href":"https:\/\/api.w.org\/{rel}","templated":true}]}}