{"id":1079,"date":"2025-11-06T21:33:42","date_gmt":"2025-11-07T00:33:42","guid":{"rendered":"https:\/\/ifdjcossio-crr.infd.edu.ar\/sitio\/?page_id=1079"},"modified":"2025-11-27T16:54:48","modified_gmt":"2025-11-27T19:54:48","slug":"yatai-ti-calle","status":"publish","type":"page","link":"https:\/\/ifdjcossio-crr.infd.edu.ar\/sitio\/subsedes\/yatai-ti-calle\/","title":{"rendered":"Yata\u00ed T\u00ed Calle"},"content":{"rendered":"<section id=\"subsede-yatai\" style=\"font-family: system-ui,-apple-system,Segoe UI,Roboto,Arial,sans-serif;\">\n<h2 style=\"color: #1e73be; margin-bottom: 0.4rem;\">Extensi\u00f3n \u00c1ulica \u2013 Yata\u00ed T\u00ed Calle<\/h2>\n<p>La extensi\u00f3n del ISDF \u201cJuan Garc\u00eda de Cossio\u201d en Yata\u00ed T\u00ed Calle garantiza el acceso a formaci\u00f3n docente en zonas rurales,<br \/>\nofreciendo clases presenciales, tutor\u00edas y proyectos comunitarios que fortalecen la pr\u00e1ctica profesional.<\/p>\n<ul style=\"margin: 0.8rem 0 1rem 1.2rem;\">\n<li>Modalidad: Presencial con tutor\u00edas.<\/li>\n<li>Actividades: Clases, proyectos comunitarios y acompa\u00f1amiento acad\u00e9mico.<\/li>\n<li>P\u00fablico destinatario: Estudiantes de la zona rural y localidades cercanas.<\/li>\n<\/ul>\n<details>\n<summary style=\"cursor: pointer;\">Contacto \/ Horarios<\/summary>\n<p style=\"margin: 0.5rem 0 0;\">Direcci\u00f3n: [completar] \u00b7 Horarios: [completar]<\/p>\n<\/details>\n<\/section>\n","protected":false},"excerpt":{"rendered":"<p>Extensi\u00f3n \u00c1ulica \u2013 Yata\u00ed T\u00ed Calle La extensi\u00f3n del ISDF \u201cJuan Garc\u00eda de Cossio\u201d en Yata\u00ed T\u00ed Calle garantiza el acceso a formaci\u00f3n docente en zonas rurales, ofreciendo clases presenciales, tutor\u00edas y proyectos comunitarios que fortalecen la pr\u00e1ctica profesional. Modalidad: Presencial con tutor\u00edas. Actividades: Clases, proyectos comunitarios y acompa\u00f1amiento acad\u00e9mico. P\u00fablico destinatario: Estudiantes de la &#8230; <a title=\"Yata\u00ed T\u00ed Calle\" class=\"read-more\" href=\"https:\/\/ifdjcossio-crr.infd.edu.ar\/sitio\/subsedes\/yatai-ti-calle\/\" aria-label=\"More on Yata\u00ed T\u00ed Calle\">[+]<\/a><\/p>\n","protected":false},"author":7383,"featured_media":0,"parent":1036,"menu_order":0,"comment_status":"closed","ping_status":"closed","template":"","meta":[],"acf":[],"_links":{"self":[{"href":"https:\/\/ifdjcossio-crr.infd.edu.ar\/sitio\/wp-json\/wp\/v2\/pages\/1079"}],"collection":[{"href":"https:\/\/ifdjcossio-crr.infd.edu.ar\/sitio\/wp-json\/wp\/v2\/pages"}],"about":[{"href":"https:\/\/ifdjcossio-crr.infd.edu.ar\/sitio\/wp-json\/wp\/v2\/types\/page"}],"author":[{"embeddable":true,"href":"https:\/\/ifdjcossio-crr.infd.edu.ar\/sitio\/wp-json\/wp\/v2\/users\/7383"}],"replies":[{"embeddable":true,"href":"https:\/\/ifdjcossio-crr.infd.edu.ar\/sitio\/wp-json\/wp\/v2\/comments?post=1079"}],"version-history":[{"count":2,"href":"https:\/\/ifdjcossio-crr.infd.edu.ar\/sitio\/wp-json\/wp\/v2\/pages\/1079\/revisions"}],"predecessor-version":[{"id":1144,"href":"https:\/\/ifdjcossio-crr.infd.edu.ar\/sitio\/wp-json\/wp\/v2\/pages\/1079\/revisions\/1144"}],"up":[{"embeddable":true,"href":"https:\/\/ifdjcossio-crr.infd.edu.ar\/sitio\/wp-json\/wp\/v2\/pages\/1036"}],"wp:attachment":[{"href":"https:\/\/ifdjcossio-crr.infd.edu.ar\/sitio\/wp-json\/wp\/v2\/media?parent=1079"}],"curies":[{"name":"wp","href":"https:\/\/api.w.org\/{rel}","templated":true}]}}