{"id":1055,"date":"2025-11-06T20:37:22","date_gmt":"2025-11-06T23:37:22","guid":{"rendered":"https:\/\/ifdjcossio-crr.infd.edu.ar\/sitio\/?page_id=1055"},"modified":"2025-11-27T17:24:28","modified_gmt":"2025-11-27T20:24:28","slug":"profesorado-de-ingles","status":"publish","type":"page","link":"https:\/\/ifdjcossio-crr.infd.edu.ar\/sitio\/carreras-docentes\/profesorado-de-ingles\/","title":{"rendered":"Profesorado de Ingl\u00e9s"},"content":{"rendered":"\n<h5 class=\"wp-block-heading\">Establecimiento:&nbsp;<strong>Instituto Superior de Formaci\u00f3n Docente&nbsp;<\/strong><strong>\u00ab<\/strong>&nbsp;Juan Garc\u00eda de Cossio<strong>\u00bb<\/strong><\/h5>\n\n\n\n<h5 class=\"wp-block-heading\">Denominaci\u00f3n de la Carrera:&nbsp;<strong>\u201cProfesorado&nbsp;de Ingl\u00e9s\u201d<\/strong><\/h5>\n\n\n\n<h5 class=\"wp-block-heading\">Decreto\/Resoluci\u00f3n:&nbsp;<strong>Resoluci\u00f3n N\u00b0 4592\/15<\/strong><\/h5>\n\n\n\n<h5 class=\"wp-block-heading\">T\u00edtulo que Otorga:&nbsp;<em>Profesor&nbsp;de Ingl\u00e9s<\/em><\/h5>\n\n\n\n<h5 class=\"wp-block-heading\">Duraci\u00f3n de la Carrera:&nbsp;<strong><em>cuatro a\u00f1os<\/em><\/strong><\/h5>\n\n\n\n<p><\/p>\n\n\n\n<p class=\"has-medium-font-size\"><strong>Plan de Estudio<\/strong><\/p>\n\n\n\n<figure class=\"wp-block-table is-style-stripes\"><table><tbody><tr><td><strong>1\u00ba A\u00f1o<\/strong><\/td><\/tr><tr><td><strong>&nbsp;<\/strong><\/td><td><strong>Unidad Curricular<\/strong><\/td><td><strong>R\u00e9gimen<\/strong><\/td><td><strong>Hs.<\/strong><\/td><\/tr><tr><td><strong>1<\/strong><\/td><td>Pedagog\u00eda<\/td><td>Anual<\/td><td>4<\/td><\/tr><tr><td><strong>2<\/strong><\/td><td>Did\u00e1ctica General<\/td><td>Anual<\/td><td>4<\/td><\/tr><tr><td><strong>3<\/strong><\/td><td>Lectura y Escritura Acad\u00e9mica<\/td><td>Anual<\/td><td>4<\/td><\/tr><tr><td><strong>4<\/strong><\/td><td>T.I.C.<\/td><td>1er Cuatrimestre<\/td><td>3<\/td><\/tr><tr><td><strong>5<\/strong><\/td><td>Fon\u00e9tica y Fonolog\u00eda I<\/td><td>Anual<\/td><td>4<\/td><\/tr><tr><td><strong>6<\/strong><\/td><td>Lengua Inglesa I<\/td><td>Anual<\/td><td>8<\/td><\/tr><tr><td><strong>7<\/strong><\/td><td>Gram\u00e1tica Inglesa I<\/td><td>Anual<\/td><td>4<\/td><\/tr><tr><td><strong>8<\/strong><\/td><td>Pr\u00e1ctica Docente I. Contextos y Pr\u00e1cticas Educativas<\/td><td>Anual<\/td><td>5<\/td><\/tr><tr><td><strong>&nbsp;<\/strong><\/td><td>&nbsp;<\/td><td>&nbsp;<\/td><td>&nbsp;<\/td><\/tr><tr><td><strong>2\u00ba A\u00f1o<\/strong><\/td><\/tr><tr><td><strong>9<\/strong><\/td><td>Psicolog\u00eda Educacional<\/td><td>1er Cuatrimestre<\/td><td>5<\/td><\/tr><tr><td><strong>10<\/strong><\/td><td>Sujeto de la Educaci\u00f3n I (Inicial-Primaria)<\/td><td>Anual<\/td><td>4<\/td><\/tr><tr><td><strong>11<\/strong><\/td><td>T.I.C. en la Ense\u00f1anza<\/td><td>Anual<\/td><td>3<\/td><\/tr><tr><td><strong>12<\/strong><\/td><td>Filosof\u00eda de la Educaci\u00f3n<\/td><td>2do Cuatrimestre<\/td><td>3<\/td><\/tr><tr><td><strong>13<\/strong><\/td><td>Fon\u00e9tica y Fonolog\u00eda II<\/td><td>Anual<\/td><td>4<\/td><\/tr><tr><td><strong>14<\/strong><\/td><td>Lengua Inglesa II<\/td><td>Anual<\/td><td>6<\/td><\/tr><tr><td><strong>15<\/strong><\/td><td>Gram\u00e1tica Inglesa II<\/td><td>Anual<\/td><td>4<\/td><\/tr><tr><td><strong>16<\/strong><\/td><td>Did\u00e1ctica Espec\u00edfica I<\/td><td>Anual<\/td><td>4<\/td><\/tr><tr><td><strong>17<\/strong><\/td><td>Pr\u00e1ctica Docente II<\/td><td>Anual<\/td><td>7<\/td><\/tr><tr><td><strong>&nbsp;<\/strong><\/td><td>&nbsp;<\/td><td>&nbsp;<\/td><td>&nbsp;<\/td><\/tr><tr><td><strong>3\u00ba A\u00f1o<\/strong><\/td><\/tr><tr><td><strong>18<\/strong><\/td><td>Historia Argentina y Latinoamericana<\/td><td>2do Cuatrimestre<\/td><td>3<\/td><\/tr><tr><td><strong>19<\/strong><\/td><td>Sociolog\u00eda de la Educaci\u00f3n<\/td><td>1er Cuatrimestre<\/td><td>3<\/td><\/tr><tr><td><strong>20<\/strong><\/td><td>Ciencias del Lenguaje<\/td><td>Anual<\/td><td>4<\/td><\/tr><tr><td><strong>21<\/strong><\/td><td>Adquisici\u00f3n de Segundas Lenguas (LCE)<\/td><td>1er Cuatrimestre<\/td><td>3<\/td><\/tr><tr><td><strong>22<\/strong><\/td><td>Sujeto de la Educaci\u00f3n II (N. Secundaria)<\/td><td>Anual<\/td><td>4<\/td><\/tr><tr><td><strong>23<\/strong><\/td><td>Fon\u00e9tica y Fonolog\u00eda III<\/td><td>Anual<\/td><td>4<\/td><\/tr><tr><td><strong>24<\/strong><\/td><td>Lengua Inglesa III<\/td><td>Anual<\/td><td>6<\/td><\/tr><tr><td><strong>25<\/strong><\/td><td>Did\u00e1ctica Espec\u00edfica II<\/td><td>Anual<\/td><td>4<\/td><\/tr><tr><td><strong>26<\/strong><\/td><td>Literatura Pueblos de Habla Inglesa I<\/td><td>Anual<\/td><td>4<\/td><\/tr><tr><td><strong>27<\/strong><\/td><td>Pr\u00e1ctica Docente III<\/td><td>Anual<\/td><td>7<\/td><\/tr><tr><td><strong>&nbsp;<\/strong><\/td><td>&nbsp;<\/td><td>&nbsp;<\/td><td>&nbsp;<\/td><\/tr><tr><td><strong>4\u00ba A\u00f1o<\/strong><\/td><\/tr><tr><td><strong>28<\/strong><\/td><td>Historia y Pol\u00edtica de la Educaci\u00f3n Argentina<\/td><td>2do Cuatrimestre<\/td><td>3<\/td><\/tr><tr><td><strong>29<\/strong><\/td><td>Estudios Interculturales<\/td><td>Anual<\/td><td>3<\/td><\/tr><tr><td><strong>30<\/strong><\/td><td>Lengua Inglesa IV<\/td><td>Anual<\/td><td>4<\/td><\/tr><tr><td><strong>31<\/strong><\/td><td>Literatura Pueblos de Habla Inglesa II<\/td><td>Anual<\/td><td>3<\/td><\/tr><tr><td><strong>32<\/strong><\/td><td>Educaci\u00f3n Sexual Integral (E.S.I.)<\/td><td>1er Cuatrimestre<\/td><td>3<\/td><\/tr><tr><td><strong>33<\/strong><\/td><td>\u00c9tica y Ciudadan\u00eda<\/td><td>1er Cuatrimestre<\/td><td>3<\/td><\/tr><tr><td><strong>34<\/strong><\/td><td>Residencia Pedag\u00f3gica<\/td><td>Anual<\/td><td>12<\/td><\/tr><\/tbody><\/table><\/figure>\n\n\n\n<h5 class=\"wp-block-heading\" style=\"color:#1e73be;\"><strong>Redes Sociales y Canales de Contacto<\/strong><\/h5>\n\n\n\n<p>A continuaci\u00f3n se encuentran los enlaces oficiales del Instituto Superior de Formaci\u00f3n Docente \u00abJuan Garc\u00eda de Cossio\u00bb. Estos canales se actualizan peri\u00f3dicamente y constituyen los medios formales de comunicaci\u00f3n institucional.<\/p>\n\n\n\n<ul>\n<li>&#x1f4f1; <strong>WhatsApp:<\/strong> <a href=\"[ENLACE_WHATSAPP]\" target=\"_blank\" rel=\"noopener\">Enviar mensaje<\/a><\/li>\n\n\n\n<li>&#x1f4f8; <strong>Instagram:<\/strong> <a href=\"[ENLACE_INSTAGRAM]\" target=\"_blank\" rel=\"noopener\">@usuario_institucional<\/a><\/li>\n\n\n\n<li>&#x1f3b5; <strong>TikTok:<\/strong> <a href=\"[ENLACE_TIKTOK]\" target=\"_blank\" rel=\"noopener\">@usuario_institucional<\/a><\/li>\n\n\n\n<li>&#x25b6;&#xfe0f; <strong>YouTube:<\/strong> <a href=\"[ENLACE_YOUTUBE]\" target=\"_blank\" rel=\"noopener\">Canal institucional<\/a><\/li>\n<\/ul>\n\n\n\n<p><p style=\"font-style:italic; color:#555;\">Si alg\u00fan enlace no se encuentra activo, ser\u00e1 actualizado en los pr\u00f3ximos d\u00edas.<\/p><\/p>\n","protected":false},"excerpt":{"rendered":"<p>Establecimiento:&nbsp;Instituto Superior de Formaci\u00f3n Docente&nbsp;\u00ab&nbsp;Juan Garc\u00eda de Cossio\u00bb Denominaci\u00f3n de la Carrera:&nbsp;\u201cProfesorado&nbsp;de Ingl\u00e9s\u201d Decreto\/Resoluci\u00f3n:&nbsp;Resoluci\u00f3n N\u00b0 4592\/15 T\u00edtulo que Otorga:&nbsp;Profesor&nbsp;de Ingl\u00e9s Duraci\u00f3n de la Carrera:&nbsp;cuatro a\u00f1os Plan de Estudio 1\u00ba A\u00f1o &nbsp; Unidad Curricular R\u00e9gimen Hs. 1 Pedagog\u00eda Anual 4 2 Did\u00e1ctica General Anual 4 3 Lectura y Escritura Acad\u00e9mica Anual 4 4 T.I.C. 1er Cuatrimestre &#8230; <a title=\"Profesorado de Ingl\u00e9s\" class=\"read-more\" href=\"https:\/\/ifdjcossio-crr.infd.edu.ar\/sitio\/carreras-docentes\/profesorado-de-ingles\/\" aria-label=\"More on Profesorado de Ingl\u00e9s\">[+]<\/a><\/p>\n","protected":false},"author":7383,"featured_media":0,"parent":1042,"menu_order":0,"comment_status":"closed","ping_status":"closed","template":"","meta":[],"acf":[],"_links":{"self":[{"href":"https:\/\/ifdjcossio-crr.infd.edu.ar\/sitio\/wp-json\/wp\/v2\/pages\/1055"}],"collection":[{"href":"https:\/\/ifdjcossio-crr.infd.edu.ar\/sitio\/wp-json\/wp\/v2\/pages"}],"about":[{"href":"https:\/\/ifdjcossio-crr.infd.edu.ar\/sitio\/wp-json\/wp\/v2\/types\/page"}],"author":[{"embeddable":true,"href":"https:\/\/ifdjcossio-crr.infd.edu.ar\/sitio\/wp-json\/wp\/v2\/users\/7383"}],"replies":[{"embeddable":true,"href":"https:\/\/ifdjcossio-crr.infd.edu.ar\/sitio\/wp-json\/wp\/v2\/comments?post=1055"}],"version-history":[{"count":2,"href":"https:\/\/ifdjcossio-crr.infd.edu.ar\/sitio\/wp-json\/wp\/v2\/pages\/1055\/revisions"}],"predecessor-version":[{"id":1155,"href":"https:\/\/ifdjcossio-crr.infd.edu.ar\/sitio\/wp-json\/wp\/v2\/pages\/1055\/revisions\/1155"}],"up":[{"embeddable":true,"href":"https:\/\/ifdjcossio-crr.infd.edu.ar\/sitio\/wp-json\/wp\/v2\/pages\/1042"}],"wp:attachment":[{"href":"https:\/\/ifdjcossio-crr.infd.edu.ar\/sitio\/wp-json\/wp\/v2\/media?parent=1055"}],"curies":[{"name":"wp","href":"https:\/\/api.w.org\/{rel}","templated":true}]}}