{"id":1036,"date":"2025-11-06T19:41:53","date_gmt":"2025-11-06T22:41:53","guid":{"rendered":"https:\/\/ifdjcossio-crr.infd.edu.ar\/sitio\/?page_id=1036"},"modified":"2025-11-06T22:55:48","modified_gmt":"2025-11-07T01:55:48","slug":"subsedes","status":"publish","type":"page","link":"https:\/\/ifdjcossio-crr.infd.edu.ar\/sitio\/subsedes\/","title":{"rendered":"Subsedes"},"content":{"rendered":"<ul>\n<li><strong><a href=\"https:\/\/ifdjcossio-crr.infd.edu.ar\/sitio\/subsedes\/yatai-ti-calle\">Yata\u00ed T\u00ed Calle<\/a>:<\/strong>\n<ul>\n<li>Ubicaci\u00f3n: Av. Ra\u00fal Alfons\u00edn S\/N. (Escuela N\u00b0 425 \u00abSamuel V. Meza\u00bb)<\/li>\n<li>Coordinador: Sa\u00fal Fern\u00e1ndez &#8211; saulfernandez@hotmail.com.ar<\/li>\n<\/ul>\n<\/li>\n<\/ul>\n<ul>\n<li><strong><a href=\"https:\/\/ifdjcossio-crr.infd.edu.ar\/sitio\/subsedes\/chavarria\">Chavarr\u00eda<\/a>:<\/strong>\n<ul>\n<li>Ubicaci\u00f3n: Ber\u00f3n de Astrada S\/N. (Escuela N\u00b0 140 \u00abJos\u00e9 de San Mart\u00edn\u00bb)<\/li>\n<li>Coordinadora: Lourdes M. Pasetto &#8211; marian.paseto.34@gmail.com<\/li>\n<\/ul>\n<\/li>\n<\/ul>\n<ul>\n<li><strong><a href=\"https:\/\/ifdjcossio-crr.infd.edu.ar\/sitio\/subsedes\/mantilla\">Mantilla<\/a>:<\/strong>\n<ul>\n<li>Ubicaci\u00f3n: 1\u00b0 de Mayo S\/N. (Escuela N\u00b0 518 \u00abJuan de la Rosa Ledesma\u00bb)<\/li>\n<li>Coordinadora: Denis Wolffe &#8211; denis23wolffe@gmail.com<\/li>\n<\/ul>\n<\/li>\n<\/ul>\n<ul>\n<li><strong><a href=\"https:\/\/ifdjcossio-crr.infd.edu.ar\/sitio\/subsedes\/colonia-pando\">Colonia Pando<\/a>:<\/strong>\n<ul>\n<li>Ubicaci\u00f3n: Avenida Corrientes S\/N (Colegio Secundario \u00abMadre Teresa de Calcula\u00bb).<\/li>\n<li>Coordinador: Silvio Amarilla &#8211; colonieropora@hotmail.com<\/li>\n<\/ul>\n<\/li>\n<\/ul>\n","protected":false},"excerpt":{"rendered":"<p>Yata\u00ed T\u00ed Calle: Ubicaci\u00f3n: Av. Ra\u00fal Alfons\u00edn S\/N. (Escuela N\u00b0 425 \u00abSamuel V. Meza\u00bb) Coordinador: Sa\u00fal Fern\u00e1ndez &#8211; saulfernandez@hotmail.com.ar Chavarr\u00eda: Ubicaci\u00f3n: Ber\u00f3n de Astrada S\/N. (Escuela N\u00b0 140 \u00abJos\u00e9 de San Mart\u00edn\u00bb) Coordinadora: Lourdes M. Pasetto &#8211; marian.paseto.34@gmail.com Mantilla: Ubicaci\u00f3n: 1\u00b0 de Mayo S\/N. (Escuela N\u00b0 518 \u00abJuan de la Rosa Ledesma\u00bb) Coordinadora: Denis Wolffe &#8230; <a title=\"Subsedes\" class=\"read-more\" href=\"https:\/\/ifdjcossio-crr.infd.edu.ar\/sitio\/subsedes\/\" aria-label=\"More on Subsedes\">[+]<\/a><\/p>\n","protected":false},"author":7383,"featured_media":0,"parent":0,"menu_order":1,"comment_status":"closed","ping_status":"closed","template":"","meta":[],"acf":[],"_links":{"self":[{"href":"https:\/\/ifdjcossio-crr.infd.edu.ar\/sitio\/wp-json\/wp\/v2\/pages\/1036"}],"collection":[{"href":"https:\/\/ifdjcossio-crr.infd.edu.ar\/sitio\/wp-json\/wp\/v2\/pages"}],"about":[{"href":"https:\/\/ifdjcossio-crr.infd.edu.ar\/sitio\/wp-json\/wp\/v2\/types\/page"}],"author":[{"embeddable":true,"href":"https:\/\/ifdjcossio-crr.infd.edu.ar\/sitio\/wp-json\/wp\/v2\/users\/7383"}],"replies":[{"embeddable":true,"href":"https:\/\/ifdjcossio-crr.infd.edu.ar\/sitio\/wp-json\/wp\/v2\/comments?post=1036"}],"version-history":[{"count":3,"href":"https:\/\/ifdjcossio-crr.infd.edu.ar\/sitio\/wp-json\/wp\/v2\/pages\/1036\/revisions"}],"predecessor-version":[{"id":1091,"href":"https:\/\/ifdjcossio-crr.infd.edu.ar\/sitio\/wp-json\/wp\/v2\/pages\/1036\/revisions\/1091"}],"wp:attachment":[{"href":"https:\/\/ifdjcossio-crr.infd.edu.ar\/sitio\/wp-json\/wp\/v2\/media?parent=1036"}],"curies":[{"name":"wp","href":"https:\/\/api.w.org\/{rel}","templated":true}]}}